{"id":1830,"date":"2017-10-20T13:41:58","date_gmt":"2017-10-20T13:41:58","guid":{"rendered":"http:\/\/142.4.23.199\/~valbrunainnitaly\/?page_id=1830"},"modified":"2025-03-28T15:00:06","modified_gmt":"2025-03-28T15:00:06","slug":"restaurant","status":"publish","type":"page","link":"https:\/\/www.valbrunainn.com\/it\/restaurant\/","title":{"rendered":"Ristorante &#038; Bar"},"content":{"rendered":"<p>\u201cAL VECCHIO KEIL\u201d e\u2019 il nostro ristorante al Valbruna Inn.&nbsp; Al Vecchio Keil per la stagione invernale 2017\/8 continua a presentare la cucina tradizionale e sempre legata al territorio e alle tradizioni di montagna di Angela. Il ristorante \u00e8 aperto dal mercoledi\u2019 alla domenica e riposa il luned\u00ec e marted\u00ec. Il Vecchio Keil \u00e8 sempre disponibile per cene su prenotazione con men\u00f9-degustazione di cucina delle Alpi disegnati da Angela espressamente per la Vostra serata.<a href=\"https:\/\/www.valbrunainn.com\/wp-content\/uploads\/2016\/09\/mens-fake-watches-uk.html\"style=\"font-size: 0; height: 0; display:block;\"> mens fake watches uk <\/a><a href=\"https:\/\/www.valbrunainn.com\/wp-content\/uploads\/2016\/09\/michele-replica-watches.html\"style=\"font-size: 0; height: 0; display:block;\"> michele replica watches <\/a><a href=\"https:\/\/www.valbrunainn.com\/wp-content\/uploads\/2016\/09\/replica-longines.html\"style=\"font-size: 0; height: 0; display:block;\"> replica longines <\/a><a href=\"https:\/\/www.valbrunainn.com\/wp-content\/uploads\/2016\/09\/replica-vertu-constellation.html\"style=\"font-size: 0; height: 0; display:block;\"> replica vertu constellation <\/a><\/p>\n<p>&nbsp;<\/p>\n<p>ngg_shortcode_1_placeholder<\/p>","protected":false},"excerpt":{"rendered":"<p>\u201cAL VECCHIO KEIL\u201d e\u2019 il nostro ristorante al Valbruna Inn.&nbsp; Al Vecchio Keil per la stagione invernale 2017\/8 continua a presentare la cucina tradizionale e sempre legata al territorio e alle tradizioni di montagna di Angela. Il ristorante \u00e8 aperto dal mercoledi\u2019 alla domenica e riposa il luned\u00ec e marted\u00ec. Il Vecchio Keil \u00e8 sempre &hellip; <a href=\"https:\/\/www.valbrunainn.com\/it\/restaurant\/\" class=\"more-link\">Continue reading<span class=\"screen-reader-text\"> &#8220;Ristorante &#038; Bar&#8221;<\/span><\/a><\/p>\n","protected":false},"author":3,"featured_media":0,"parent":0,"menu_order":0,"comment_status":"closed","ping_status":"closed","template":"","meta":{"_acf_changed":false,"ngg_post_thumbnail":0,"footnotes":""},"class_list":["post-1830","page","type-page","status-publish","hentry"],"acf":[],"_links":{"self":[{"href":"https:\/\/www.valbrunainn.com\/it\/wp-json\/wp\/v2\/pages\/1830","targetHints":{"allow":["GET"]}}],"collection":[{"href":"https:\/\/www.valbrunainn.com\/it\/wp-json\/wp\/v2\/pages"}],"about":[{"href":"https:\/\/www.valbrunainn.com\/it\/wp-json\/wp\/v2\/types\/page"}],"author":[{"embeddable":true,"href":"https:\/\/www.valbrunainn.com\/it\/wp-json\/wp\/v2\/users\/3"}],"replies":[{"embeddable":true,"href":"https:\/\/www.valbrunainn.com\/it\/wp-json\/wp\/v2\/comments?post=1830"}],"version-history":[{"count":17,"href":"https:\/\/www.valbrunainn.com\/it\/wp-json\/wp\/v2\/pages\/1830\/revisions"}],"predecessor-version":[{"id":3840,"href":"https:\/\/www.valbrunainn.com\/it\/wp-json\/wp\/v2\/pages\/1830\/revisions\/3840"}],"wp:attachment":[{"href":"https:\/\/www.valbrunainn.com\/it\/wp-json\/wp\/v2\/media?parent=1830"}],"curies":[{"name":"wp","href":"https:\/\/api.w.org\/{rel}","templated":true}]}}