{"id":794,"date":"2016-10-01T04:57:30","date_gmt":"2016-10-01T04:57:30","guid":{"rendered":"http:\/\/142.4.23.199\/~valbrunainnitaly\/?page_id=794"},"modified":"2017-11-02T15:29:18","modified_gmt":"2017-11-02T15:29:18","slug":"library-julius-kugy","status":"publish","type":"page","link":"https:\/\/www.valbrunainn.com\/it\/library-julius-kugy\/","title":{"rendered":"Biblioteca Julius Kugy"},"content":{"rendered":"<p><\/p>\n<div class=\"roomdetails_text\">\n<p><strong>&#8220;Una stanza senza un libro \u00e8 come un corpo senza un anima&#8221;<\/strong> &#8211; Marco Tullio Cicerone<\/p>\n<div class=\"ilbivacco_top\">\n<div class=\"row\">\n<p><img decoding=\"async\" class=\"img-responsive\" src=\"http:\/\/142.4.23.199\/~valbrunainnitaly\/wp-content\/uploads\/2016\/10\/library_023.jpg\"><\/p>\n<p>La biblioteca intitolata a Julus Kugy raccoglie volumi rari, antichi e moderni su alpinismo, natura, storie e tradizioni della zona e della montagna. La sala della biblioteca, dove \u00e8 stato recuperato il vecchio camino, \u00e8 interamente costruita in legno di abete e arredata con divani Frau e tappeti antichi.<\/p>\n<p><img decoding=\"async\" class=\"img-responsive\" src=\"http:\/\/142.4.23.199\/~valbrunainnitaly\/wp-content\/uploads\/2016\/10\/library_003.jpg\"><br \/>\nEsplorando gli scaffali si possono trovare rarit\u00e0 come Everest, cronaca della prima salita sulla montagna pi\u00f9 alta del mondo autografata dal leggendario Sir Edmund Hillary, Climbing Free di Lynn Hill dedicato dall&#8217;autrice al valbruna Inn. Le Mani Dure dedicato da Rolly Marchi in occasione di una sua visita a Valbruna, una prima edizione di Alpinismo Acrobatico di Guido Rey e di Scrambles Amongst the Alps di Edward Whymper, insieme alla bibliografia completa di Julius Kugy in italiano, inglese, francese e tedesco.<\/p>\n<p><img decoding=\"async\" class=\"img-responsive\" src=\"http:\/\/142.4.23.199\/~valbrunainnitaly\/wp-content\/uploads\/2016\/10\/library_004-1.jpg\"><br \/>\nL&#8217;architetto Toni Cester Toso ha scelto due modelli classici di poltrone e divani FRAU, la Vanity Fair in rosso e la Bonnie in verde.<\/p>\n<p>Il modello Vanity Fair \u00e8 la replica del famoso modello 904 del catalogo Poltrona Frau del 1930, divenuto archetipo per eccellenza della poltrona moderna e conosciuto in tutto il mondo per la tipica forma bombata e la lunga fila di chiodini rivestiti in pelle che rifiniscono schienale e braccioli. L&#8217;imbottitura utilizza sia crine vegetale modellato a mano che crine gommato e il cuscino della seduta \u00e8 in piuma d&#8217;oca. Sedile, schienale e braccioli hanno molleggio ottenuto con molle biconiche in acciaio legate a mano e appoggiate su cinghie di juta.<\/p>\n<p>Il modello Bonnie ripropone la tipologia ottocentesca della berg\u00e8re e il salotto di classe in pelle, riccamente lavorato e adatto ad atmosfere d&#8217;epoca. Il rivestimento con disegno a losanghe dello schienale e i braccioli ampi, con lavorazione a pliss\u00e9 e filetto di bordura, sottolineano ed esaltano la bellezza senza tempo della pelle di qualit\u00e0. Il disegno dello schienale, che ha molleggio ottenuto con molle greche, \u00e8 dato dalle cuciture e dai bottoni rivestiti in pelle. Il molleggio di sedile e braccioli \u00e8 ottenuto con molle biconiche in acciaio legate a mano e appoggiate su cinghie di juta. Il retro \u00e8 rifinito con una fila di chiodini rivestiti in pelle.<br \/>\n<img decoding=\"async\" class=\"img-responsive\" src=\"http:\/\/142.4.23.199\/~valbrunainnitaly\/wp-content\/uploads\/2016\/10\/library_022.jpg\"><br \/>\n&#8220;Hic bonum vinum meliorque hospitalitas&#8221; \u00e8 la scritta dell&#8217;antico disegno sopra il caminetto recuperato dai tempi della storica Pensione Keil.<\/p>\n<\/div>\n<\/div>\n<\/div>\n<p><\/p>","protected":false},"excerpt":{"rendered":"<p>&#8220;Una stanza senza un libro \u00e8 come un corpo senza un anima&#8221; &#8211; Marco Tullio Cicerone La biblioteca intitolata a Julus Kugy raccoglie volumi rari, antichi e moderni su alpinismo, natura, storie e tradizioni della zona e della montagna. La sala della biblioteca, dove \u00e8 stato recuperato il vecchio camino, \u00e8 interamente costruita in legno &hellip; <a href=\"https:\/\/www.valbrunainn.com\/it\/library-julius-kugy\/\" class=\"more-link\">Continue reading<span class=\"screen-reader-text\"> &#8220;Biblioteca Julius Kugy&#8221;<\/span><\/a><\/p>\n","protected":false},"author":3,"featured_media":0,"parent":0,"menu_order":0,"comment_status":"closed","ping_status":"closed","template":"","meta":{"_acf_changed":false,"ngg_post_thumbnail":0,"footnotes":""},"class_list":["post-794","page","type-page","status-publish","hentry"],"acf":[],"_links":{"self":[{"href":"https:\/\/www.valbrunainn.com\/it\/wp-json\/wp\/v2\/pages\/794","targetHints":{"allow":["GET"]}}],"collection":[{"href":"https:\/\/www.valbrunainn.com\/it\/wp-json\/wp\/v2\/pages"}],"about":[{"href":"https:\/\/www.valbrunainn.com\/it\/wp-json\/wp\/v2\/types\/page"}],"author":[{"embeddable":true,"href":"https:\/\/www.valbrunainn.com\/it\/wp-json\/wp\/v2\/users\/3"}],"replies":[{"embeddable":true,"href":"https:\/\/www.valbrunainn.com\/it\/wp-json\/wp\/v2\/comments?post=794"}],"version-history":[{"count":40,"href":"https:\/\/www.valbrunainn.com\/it\/wp-json\/wp\/v2\/pages\/794\/revisions"}],"predecessor-version":[{"id":2204,"href":"https:\/\/www.valbrunainn.com\/it\/wp-json\/wp\/v2\/pages\/794\/revisions\/2204"}],"wp:attachment":[{"href":"https:\/\/www.valbrunainn.com\/it\/wp-json\/wp\/v2\/media?parent=794"}],"curies":[{"name":"wp","href":"https:\/\/api.w.org\/{rel}","templated":true}]}}