{"id":832,"date":"2016-10-01T05:57:46","date_gmt":"2016-10-01T05:57:46","guid":{"rendered":"http:\/\/142.4.23.199\/~valbrunainnitaly\/?page_id=832"},"modified":"2016-10-03T08:58:02","modified_gmt":"2016-10-03T08:58:02","slug":"stube-seisera-hutte","status":"publish","type":"page","link":"https:\/\/www.valbrunainn.com\/it\/stube-seisera-hutte\/","title":{"rendered":"Stube Seisera Hutte"},"content":{"rendered":"<p><\/p>\n<div class=\"roomdetails_text\">La &#8220;baita&#8221; costruita all&#8217;interno dell&#8217;albergo prende il nome dall&#8217;antico ristoro alpino che si trovava fino ai primi anni del novecento nei pascoli di malga Saisera, la Saisera Hutte.<\/p>\n<p>Walter, esperto artigiano, ha costruito l&#8217;intera stube con legno secolare lavorandolo a mano con sistemi ad incastro tipici della tradizione della Valcanale. La Saisera hutte \u00e8 riscaldata da una grande stufa a legna e il suo tavolo \u00e8 un pezzo intero di abete largo un metro, lungo quattro e pesante pi\u00f9 di 120 chilogrammi.<\/p>\n<div class=\"ilbivacco_top\">\n<div class=\"row\">\n<div class=\"col-xs-6 mob_full\">\n                                \t<img decoding=\"async\" src=\"http:\/\/142.4.23.199\/~valbrunainnitaly\/wp-content\/uploads\/2016\/10\/stube_014.jpg\" class=\"img-responsive\"><\/p>\n<div class=\"ilbivacco_toptext\"> <\/div>\n<\/p><\/div>\n<div class=\"col-xs-6 mob_full\">\n                                \t<img decoding=\"async\" src=\"http:\/\/142.4.23.199\/~valbrunainnitaly\/wp-content\/uploads\/2016\/10\/rsz_v_539.jpg\" class=\"img-responsive\"><\/p><\/div>\n<\/p><\/div>\n<\/p><\/div>\n<p>&#8220;Un goccio di vino, una cantata e una risata fanno una bella giornata. Una risata, una cantata e un goccio di vino fanno bella anche la notte&#8221; &#8211; Proverbio Friulano<\/p>\n<p>&#8220;Un got, un cjant, une ridade fasin biele la zornade. Une ridade, un cjant, un got fasin biele ancje la gnot&#8221; &#8211; Proverbio Friulano <\/p>\n<div class=\"ilbivacco_top\">\n<div class=\"row\">\n<div class=\"col-xs-6 mob_full\">\n                                \t<img decoding=\"async\" src=\"http:\/\/142.4.23.199\/~valbrunainnitaly\/wp-content\/uploads\/2016\/10\/v_454.jpg\" class=\"img-responsive\"><\/p>\n<div class=\"ilbivacco_toptext\"> <\/div>\n<\/p><\/div>\n<div class=\"col-xs-6 mob_full\">\n                                \t<img decoding=\"async\" src=\"http:\/\/142.4.23.199\/~valbrunainnitaly\/wp-content\/uploads\/2016\/10\/2.jpg\" class=\"img-responsive\"><\/p><\/div>\n<\/p><\/div>\n<\/p><\/div>\n<p>Cena in stube con lo scrittore Rolly Marchi a capo tavola.<\/p>\n<p>Il ricco buffet della colazione \u00e8 servito nella stube: brioche con marmellata o cioccolata, latte fresco e yogurt, succhi di frutta, variet\u00e0 di cereali, una selezione di mieli della zona, affettati e formaggi e naturalmente caff\u00e8, cappuccino, th\u00e8 e altre bevande calde.<\/p>\n<p><img decoding=\"async\" src=\" http:\/\/142.4.23.199\/~valbrunainnitaly\/wp-content\/uploads\/2016\/10\/v_512.jpg\" class=\"img-responsive\"><br \/>\nL&#8217;atmosfera che si crea in una baita in montagna non si potrebbe mai ricreare in un albergo, per questo abbiamo deciso di costruire una baita, la Saisera Hutte, all&#8217;interno del Valbruna Inn! Nella foto le mura della Saisera Hutte prima del fantastico lavoro di Walter.\n                            <\/div>\n<p>                        <\/p>","protected":false},"excerpt":{"rendered":"<p>La &#8220;baita&#8221; costruita all&#8217;interno dell&#8217;albergo prende il nome dall&#8217;antico ristoro alpino che si trovava fino ai primi anni del novecento nei pascoli di malga Saisera, la Saisera Hutte. Walter, esperto artigiano, ha costruito l&#8217;intera stube con legno secolare lavorandolo a mano con sistemi ad incastro tipici della tradizione della Valcanale. La Saisera hutte \u00e8 riscaldata &hellip; <a href=\"https:\/\/www.valbrunainn.com\/it\/stube-seisera-hutte\/\" class=\"more-link\">Continue reading<span class=\"screen-reader-text\"> &#8220;Stube Seisera Hutte&#8221;<\/span><\/a><\/p>\n","protected":false},"author":3,"featured_media":0,"parent":0,"menu_order":0,"comment_status":"closed","ping_status":"closed","template":"","meta":{"_acf_changed":false,"ngg_post_thumbnail":0,"footnotes":""},"class_list":["post-832","page","type-page","status-publish","hentry"],"acf":[],"_links":{"self":[{"href":"https:\/\/www.valbrunainn.com\/it\/wp-json\/wp\/v2\/pages\/832","targetHints":{"allow":["GET"]}}],"collection":[{"href":"https:\/\/www.valbrunainn.com\/it\/wp-json\/wp\/v2\/pages"}],"about":[{"href":"https:\/\/www.valbrunainn.com\/it\/wp-json\/wp\/v2\/types\/page"}],"author":[{"embeddable":true,"href":"https:\/\/www.valbrunainn.com\/it\/wp-json\/wp\/v2\/users\/3"}],"replies":[{"embeddable":true,"href":"https:\/\/www.valbrunainn.com\/it\/wp-json\/wp\/v2\/comments?post=832"}],"version-history":[{"count":18,"href":"https:\/\/www.valbrunainn.com\/it\/wp-json\/wp\/v2\/pages\/832\/revisions"}],"predecessor-version":[{"id":1073,"href":"https:\/\/www.valbrunainn.com\/it\/wp-json\/wp\/v2\/pages\/832\/revisions\/1073"}],"wp:attachment":[{"href":"https:\/\/www.valbrunainn.com\/it\/wp-json\/wp\/v2\/media?parent=832"}],"curies":[{"name":"wp","href":"https:\/\/api.w.org\/{rel}","templated":true}]}}