{"id":936,"date":"2016-10-03T05:29:28","date_gmt":"2016-10-03T05:29:28","guid":{"rendered":"http:\/\/142.4.23.199\/~valbrunainnitaly\/?page_id=936"},"modified":"2017-10-25T15:10:21","modified_gmt":"2017-10-25T15:10:21","slug":"our-friends-and-guests","status":"publish","type":"page","link":"https:\/\/www.valbrunainn.com\/it\/our-friends-and-guests\/","title":{"rendered":"i nostri amici e ospiti"},"content":{"rendered":"<p><\/p>\n<div class=\"roomdetails_text\">\n<div class=\"ilbivacco_top\">\n<div class=\"row\">\n<div class=\"col-xs-6 mob_full\">\n                                \t<img decoding=\"async\" src=\"http:\/\/142.4.23.199\/~valbrunainnitaly\/wp-content\/uploads\/2016\/10\/IMG_8068_Basso.jpg\" class=\"img-responsive\"><\/p><\/div>\n<\/p><\/div>\n<\/p><\/div>\n<p>Ivan Basso, recente vincitore del Giro D&#8217;Italia \u00e8 stato ospite del Valbruna Inn!<\/p>\n<p><strong>COMMENTI DI OSPITI E STAMPA<\/strong><br \/>\nAlcuni link a articoli apparsi sulla stampa, copia e incolla il link nel tuo browser:<br \/>\n<a href=\"http:\/\/www.mondodelgusto.it\/2007\/12\/30\/valbruna-inn-relax-a-cinque-cuori\/\" target=\"_blank\">http:\/\/www.mondodelgusto.it\/2007\/12\/30\/valbruna-inn-relax-a-cinque-cuori\/<\/a><br \/>\n<a href=\"http:\/\/www.ilgiornaledelcibo.it\/province\/albergo.asp?id=81&#038;scheda=Hotel+valbruna+inn\" target=\"_blank\">http:\/\/www.ilgiornaledelcibo.it\/province\/albergo.asp?id=81&#038;scheda=Hotel+valbruna+inn<\/a><\/p>\n<p><strong>I NOSTRI OSPITI HANNO SCRITTO:<\/strong><br \/>\nGruppo scrittori di montagna 5\/10\/08:<br \/>\nSe le ragazze dell&#8217;Inn andassero al governo, staremmo tutti meglio. Ospitalit\u00e0, sorrisi, professionalit\u00e0; cosa vuoi di pi\u00f9? E se fuori, dopo la neve, spunta il sole in un cielo talmente terso da sembrare finto tutto \u00e8 ancora migliore; grazie Valbruna e a presto!<\/p>\n<p><strong>27\/8 \/08 Claudia e Paolo di Como<\/strong><br \/>\nIl lusso delle cose semplici&#8230;peccato essere di passaggio<\/p>\n<p><strong>Reinhold Messner, 02\/08\/08:<\/strong><br \/>\nLhagyelo <\/p>\n<p><strong>Macy Gray, luglio 2008:<\/strong><br \/>\nTo the greatest Inn on the planet.I think You should own all the restaurants + hotels in the world. It would be a better place. Thank You for taking good care of my family and my band.Mulat, cantante di Macy Gray: Thank You so much for the wonderlul food! it was absolutely incredible mmmmmm.good! I&#8217;ll be back!<\/p>\n<p><strong>Jovanotti, luglio 2008:<\/strong><br \/>\nQuass\u00f9 sulle montagne ho fatto una bella dormita. Bel posto! Grazie!<\/p>\n<p><strong>Gruppo Cai Milano, agosto 2008:<\/strong><br \/>\nValcanale nelle giulie: fan corona le sue guglie!alla piccola Valbruna soggiornarvi \u00e8 una fortuna<br \/>\nal Valbruna Inn perch\u00e8 si sta meglio d&#8217;un gran re!<\/p>\n<p>Aidi, da Caporiacco (UD): 25\/3\/08 Valle incastonata tra vette innevate Alloggio di eccellente ospitalit\u00e0 Lembo di terra incantata tra Bianche montagne in questa primavera ti Ritrovo spirito nelle piccole attenzioni di questo Unico e raro e prezioso scrigno. Nel silenzio di notti fredde, calda \u00e8 la<br \/>\nAccoglienza di un magico rifugio. Un grazie Incommensurabile a tutto il personale per una<br \/>\nindimenticabile vacanza!\n  <\/p><\/div>\n<p>                              <\/p>","protected":false},"excerpt":{"rendered":"<p>Ivan Basso, recente vincitore del Giro D&#8217;Italia \u00e8 stato ospite del Valbruna Inn! COMMENTI DI OSPITI E STAMPA Alcuni link a articoli apparsi sulla stampa, copia e incolla il link nel tuo browser: http:\/\/www.mondodelgusto.it\/2007\/12\/30\/valbruna-inn-relax-a-cinque-cuori\/ http:\/\/www.ilgiornaledelcibo.it\/province\/albergo.asp?id=81&#038;scheda=Hotel+valbruna+inn I NOSTRI OSPITI HANNO SCRITTO: Gruppo scrittori di montagna 5\/10\/08: Se le ragazze dell&#8217;Inn andassero al governo, staremmo tutti meglio. &hellip; <a href=\"https:\/\/www.valbrunainn.com\/it\/our-friends-and-guests\/\" class=\"more-link\">Continue reading<span class=\"screen-reader-text\"> &#8220;i nostri amici e ospiti&#8221;<\/span><\/a><\/p>\n","protected":false},"author":3,"featured_media":0,"parent":0,"menu_order":0,"comment_status":"closed","ping_status":"closed","template":"","meta":{"_acf_changed":false,"ngg_post_thumbnail":0,"footnotes":""},"class_list":["post-936","page","type-page","status-publish","hentry"],"acf":[],"_links":{"self":[{"href":"https:\/\/www.valbrunainn.com\/it\/wp-json\/wp\/v2\/pages\/936","targetHints":{"allow":["GET"]}}],"collection":[{"href":"https:\/\/www.valbrunainn.com\/it\/wp-json\/wp\/v2\/pages"}],"about":[{"href":"https:\/\/www.valbrunainn.com\/it\/wp-json\/wp\/v2\/types\/page"}],"author":[{"embeddable":true,"href":"https:\/\/www.valbrunainn.com\/it\/wp-json\/wp\/v2\/users\/3"}],"replies":[{"embeddable":true,"href":"https:\/\/www.valbrunainn.com\/it\/wp-json\/wp\/v2\/comments?post=936"}],"version-history":[{"count":8,"href":"https:\/\/www.valbrunainn.com\/it\/wp-json\/wp\/v2\/pages\/936\/revisions"}],"predecessor-version":[{"id":2085,"href":"https:\/\/www.valbrunainn.com\/it\/wp-json\/wp\/v2\/pages\/936\/revisions\/2085"}],"wp:attachment":[{"href":"https:\/\/www.valbrunainn.com\/it\/wp-json\/wp\/v2\/media?parent=936"}],"curies":[{"name":"wp","href":"https:\/\/api.w.org\/{rel}","templated":true}]}}